{"id":284,"date":"2026-04-10T09:51:26","date_gmt":"2026-04-10T09:51:26","guid":{"rendered":"https:\/\/alexandrakitsou.mdurv.com\/?page_id=284"},"modified":"2026-04-10T10:58:14","modified_gmt":"2026-04-10T10:58:14","slug":"politica-de-cookies","status":"publish","type":"page","link":"https:\/\/alexandrakitsou.mdurv.com\/?page_id=284","title":{"rendered":"Politica de cookies"},"content":{"rendered":"<h1>Pol\u00edtica de Cookies de [Nombre del Hotel]<\/h1>\n<p><strong>\u00daltima actualizaci\u00f3n:<\/strong> 10\/04\/2026<\/p>\n<p>En esta p\u00e1gina web utilizamos cookies y tecnolog\u00edas similares para garantizar el correcto funcionamiento del sitio, mejorar la experiencia de navegaci\u00f3n y analizar el uso de nuestros servicios.<\/p>\n<h2>1. \u00bfQu\u00e9 son las cookies?<\/h2>\n<p>Las cookies son peque\u00f1os archivos de texto que se almacenan en su dispositivo cuando visita una p\u00e1gina web. Sirven para recordar sus preferencias, facilitar la navegaci\u00f3n y recopilar informaci\u00f3n sobre el uso del sitio.<\/p>\n<h2>2. Tipos de cookies que utilizamos<\/h2>\n<h3>a) Cookies t\u00e9cnicas o necesarias<\/h3>\n<p>Son esenciales para el funcionamiento de la web y permiten:<\/p>\n<ul>\n<li>Navegar por la p\u00e1gina.<\/li>\n<li>Gestionar reservas.<\/li>\n<li>Acceder a \u00e1reas seguras.<\/li>\n<li>Recordar sesiones iniciadas.<\/li>\n<\/ul>\n<h3>b) Cookies de an\u00e1lisis<\/h3>\n<p>Nos ayudan a entender c\u00f3mo interact\u00faan los usuarios con la web para mejorar el servicio. Por ejemplo:<\/p>\n<ul>\n<li>P\u00e1ginas m\u00e1s visitadas.<\/li>\n<li>Tiempo de navegaci\u00f3n.<\/li>\n<li>Errores detectados.<\/li>\n<\/ul>\n<h3>c) Cookies de personalizaci\u00f3n<\/h3>\n<p>Permiten recordar preferencias del usuario, como idioma o configuraci\u00f3n.<\/p>\n<h3>d) Cookies publicitarias<\/h3>\n<p>Permiten mostrar anuncios relevantes en funci\u00f3n de sus h\u00e1bitos de navegaci\u00f3n.<\/p>\n<h2>3. Cookies de terceros<\/h2>\n<p>Es posible que utilicemos servicios de terceros, como herramientas de an\u00e1lisis web o motores de reserva, que instalen sus propias cookies.<\/p>\n<p>Le recomendamos consultar las pol\u00edticas de privacidad de dichos proveedores para m\u00e1s informaci\u00f3n.<\/p>\n<h2>4. Base legal para el uso de cookies<\/h2>\n<p>Las cookies t\u00e9cnicas se instalan por inter\u00e9s leg\u00edtimo al ser necesarias para el funcionamiento de la web.<\/p>\n<p>Las cookies no esenciales (anal\u00edticas, personalizaci\u00f3n o publicitarias) se instalar\u00e1n \u00fanicamente con el consentimiento previo del<\/p>\n","protected":false},"excerpt":{"rendered":"<p>Pol\u00edtica de Cookies de [Nombre del Hotel] \u00daltima actualizaci\u00f3n: 10\/04\/2026 En esta p\u00e1gina web utilizamos cookies y tecnolog\u00edas similares para garantizar el correcto funcionamiento del sitio, mejorar la experiencia de navegaci\u00f3n y analizar el uso de nuestros servicios. 1. \u00bfQu\u00e9 son las cookies? Las cookies son peque\u00f1os archivos de texto que se almacenan en su [&hellip;]<\/p>\n","protected":false},"author":1,"featured_media":0,"parent":0,"menu_order":0,"comment_status":"closed","ping_status":"closed","template":"","meta":{"footnotes":""},"class_list":["post-284","page","type-page","status-publish","hentry"],"_links":{"self":[{"href":"https:\/\/alexandrakitsou.mdurv.com\/index.php?rest_route=\/wp\/v2\/pages\/284","targetHints":{"allow":["GET"]}}],"collection":[{"href":"https:\/\/alexandrakitsou.mdurv.com\/index.php?rest_route=\/wp\/v2\/pages"}],"about":[{"href":"https:\/\/alexandrakitsou.mdurv.com\/index.php?rest_route=\/wp\/v2\/types\/page"}],"author":[{"embeddable":true,"href":"https:\/\/alexandrakitsou.mdurv.com\/index.php?rest_route=\/wp\/v2\/users\/1"}],"replies":[{"embeddable":true,"href":"https:\/\/alexandrakitsou.mdurv.com\/index.php?rest_route=%2Fwp%2Fv2%2Fcomments&post=284"}],"version-history":[{"count":2,"href":"https:\/\/alexandrakitsou.mdurv.com\/index.php?rest_route=\/wp\/v2\/pages\/284\/revisions"}],"predecessor-version":[{"id":296,"href":"https:\/\/alexandrakitsou.mdurv.com\/index.php?rest_route=\/wp\/v2\/pages\/284\/revisions\/296"}],"wp:attachment":[{"href":"https:\/\/alexandrakitsou.mdurv.com\/index.php?rest_route=%2Fwp%2Fv2%2Fmedia&parent=284"}],"curies":[{"name":"wp","href":"https:\/\/api.w.org\/{rel}","templated":true}]}}